{"id":4587,"date":"2020-03-30T11:38:09","date_gmt":"2020-03-30T09:38:09","guid":{"rendered":"https:\/\/schenkspedition.de\/?page_id=4587"},"modified":"2020-04-21T09:49:07","modified_gmt":"2020-04-21T07:49:07","slug":"carriere","status":"publish","type":"page","link":"https:\/\/schenkspedition.de\/fr\/carriere\/","title":{"rendered":"Carri\u00e8re"},"content":{"rendered":"\n[et_pb_section fb_built=\u00a0\u00bb1&Prime; _builder_version=\u00a0\u00bb4.0.7&Prime; background_color=\u00a0\u00bb#ffffff\u00a0\u00bb use_background_color_gradient=\u00a0\u00bbon\u00a0\u00bb background_color_gradient_start=\u00a0\u00bbrgba(0,0,0,0)\u00a0\u00bb background_color_gradient_end=\u00a0\u00bbrgba(0,0,0,0)\u00a0\u00bb background_color_gradient_start_position=\u00a0\u00bb22%\u00a0\u00bb background_color_gradient_end_position=\u00a0\u00bb0%\u00a0\u00bb custom_padding=\u00a0\u00bb||170px|||\u00a0\u00bb top_divider_style=\u00a0\u00bbramp2&Prime; top_divider_color=\u00a0\u00bb#f8ad16&Prime; top_divider_height=\u00a0\u00bb150px\u00a0\u00bb top_divider_flip=\u00a0\u00bbvertical\u00a0\u00bb bottom_divider_style=\u00a0\u00bbramp2&Prime; bottom_divider_color=\u00a0\u00bb#f8ad16&Prime; bottom_divider_height=\u00a0\u00bb150px\u00a0\u00bb bottom_divider_flip=\u00a0\u00bbhorizontal\u00a0\u00bb][et_pb_row _builder_version=\u00a0\u00bb4.0.7&Prime; custom_padding=\u00a0\u00bb||0px|||\u00a0\u00bb][et_pb_column type=\u00a0\u00bb4_4&Prime; _builder_version=\u00a0\u00bb4.0.7&Prime;][et_pb_text _builder_version=\u00a0\u00bb4.4.1&Prime; header_font=\u00a0\u00bbMontserrat|700||on|||||\u00a0\u00bb header_text_color=\u00a0\u00bb#2b3787&Prime; header_font_size=\u00a0\u00bb50px\u00a0\u00bb header_line_height=\u00a0\u00bb1.3em\u00a0\u00bb custom_margin=\u00a0\u00bb70px||40px||false|false\u00a0\u00bb custom_margin_tablet=\u00a0\u00bb\u00a0\u00bb custom_margin_phone=\u00a0\u00bb40px||0px||false|false\u00a0\u00bb custom_margin_last_edited=\u00a0\u00bbon|phone\u00a0\u00bb]<h1 style=\"text-align: center;\">carri\u00e8re<\/h1>[\/et_pb_text][\/et_pb_column][\/et_pb_row][et_pb_row _builder_version=\u00a0\u00bb4.0.7&Prime; custom_margin=\u00a0\u00bb1px|auto||auto||\u00a0\u00bb custom_margin_tablet=\u00a0\u00bb\u00a0\u00bb custom_margin_phone=\u00a0\u00bb0px||||false|false\u00a0\u00bb custom_margin_last_edited=\u00a0\u00bbon|phone\u00a0\u00bb custom_padding=\u00a0\u00bb1px||0px|||\u00a0\u00bb custom_margin__hover_enabled=\u00a0\u00bboff|desktop\u00a0\u00bb][et_pb_column type=\u00a0\u00bb4_4&Prime; _builder_version=\u00a0\u00bb4.0.7&Prime;][et_pb_text _builder_version=\u00a0\u00bb4.4.1&Prime; header_2_font=\u00a0\u00bbMontserrat|600||on|||||\u00a0\u00bb header_2_font_size=\u00a0\u00bb30px\u00a0\u00bb header_2_line_height=\u00a0\u00bb1.3em\u00a0\u00bb header_3_font=\u00a0\u00bbMontserrat|700||on|||||\u00a0\u00bb custom_margin=\u00a0\u00bb15px||1px||false|false\u00a0\u00bb]<h2 style=\"text-align: center;\">BUREAU, LOGISTIQUE, ATELIER ? <br \/>COMMENCEZ VOTRE TRAVAIL DE R\u00caVE AVEC NOUS !<\/h2>[\/et_pb_text][et_pb_text _builder_version=\u00a0\u00bb4.4.1&Prime; header_3_font=\u00a0\u00bbMontserrat|600|||||||\u00a0\u00bb header_3_line_height=\u00a0\u00bb1.3em\u00a0\u00bb custom_margin=\u00a0\u00bb-1px|||||\u00a0\u00bb custom_padding=\u00a0\u00bb30px|||||\u00a0\u00bb inline_fonts=\u00a0\u00bbMontserrat\u00a0\u00bb]<h3 style=\"text-align: center;\"><span style=\"font-size: xx-large; color: #f8ad16;\">Bienvenue \u00e0 Schenk Spedition &amp; Transporte!<\/span><\/h3>\n<h3><span style=\"color: #2b3787;\"><\/span><\/h3>\n<p>&nbsp;<\/p>[\/et_pb_text][\/et_pb_column][\/et_pb_row][et_pb_row column_structure=\u00a0\u00bb1_2,1_2&Prime; _builder_version=\u00a0\u00bb4.0.7&Prime; custom_margin=\u00a0\u00bb16px|auto||auto||\u00a0\u00bb custom_margin_tablet=\u00a0\u00bb0px|auto||auto||\u00a0\u00bb custom_margin_phone=\u00a0\u00bb-40px|auto||auto|false|false\u00a0\u00bb custom_margin_last_edited=\u00a0\u00bbon|phone\u00a0\u00bb][et_pb_column type=\u00a0\u00bb1_2&Prime; _builder_version=\u00a0\u00bb4.0.7&Prime;][et_pb_text content_tablet=\u00a0\u00bb<h3 style=%22text-align: center;%22><span>Nous sommes heureux de votre pr\u00e9sence.\nLa logistique c&rsquo;est la collaboration !<\/span><\/h3>\n<h3 style=%22text-align: center;%22><span>Nos employ\u00e9s sont l&rsquo;\u00e9l\u00e9ment le plus important de notre succ\u00e8s. Notre \u00e9quipe est compos\u00e9e d&#8217;employ\u00e9s exp\u00e9riment\u00e9s, jeunes et engag\u00e9s.  <\/span><\/h3>\n<h3 style=%22text-align: center;%22><span>Rejoignez-nous et nous ferons avancer l&rsquo;Europe ensemble<\/span><span>.<\/span><\/h3>\n<p style=%22text-align: center;%22><span> <\/span><\/p>\n\n<h3 style=%22text-align: center;%22><span style=%22color: #2b3787;%22>Actuellement il n\u2019y a pas de poste vacant.<\/span><\/h3>\n&nbsp;\u00a0\u00bb content_phone=\u00a0\u00bb<h3 style=%22text-align: center;%22><span>Nous sommes heureux de votre pr\u00e9sence.<br \/> La logistique c&rsquo;est la collaboration !<\/span><\/h3>\n<h3 style=%22text-align: center;%22><span>Nos employ\u00e9s sont l&rsquo;\u00e9l\u00e9ment le plus important de notre succ\u00e8s. Notre \u00e9quipe est compos\u00e9e d&#8217;employ\u00e9s exp\u00e9riment\u00e9s, jeunes et engag\u00e9s.  <\/span><\/h3>\n<h3 style=%22text-align: center;%22><span>Rejoignez-nous et nous ferons avancer l&rsquo;Europe ensemble<\/span><span>.<\/span><\/h3>\n<p style=%22text-align: center;%22><span> <\/span><\/p>\n<h3 style=%22text-align: center;%22><span style=%22color: #2b3787;%22>Actuellement il n\u2019y a pas de poste vacant.<\/span><\/h3>\u00a0\u00bb content_last_edited=\u00a0\u00bbon|phone\u00a0\u00bb _builder_version=\u00a0\u00bb4.4.1&Prime; header_3_font=\u00a0\u00bbMontserrat|600|||||||\u00a0\u00bb header_3_line_height=\u00a0\u00bb1.3em\u00a0\u00bb custom_margin=\u00a0\u00bb5px||||false|false\u00a0\u00bb custom_padding=\u00a0\u00bb4px||0px|||\u00a0\u00bb hover_enabled=\u00a0\u00bb0&Prime; inline_fonts=\u00a0\u00bbMontserrat\u00a0\u00bb]<h3 style=\"text-align: right;\"><span>Nous sommes heureux de votre pr\u00e9sence.<br \/> La logistique c&rsquo;est la collaboration !<\/span><\/h3>\n<h3 style=\"text-align: right;\"><span>Nos employ\u00e9s sont l&rsquo;\u00e9l\u00e9ment le plus important de notre succ\u00e8s.\u00a0Notre \u00e9quipe est compos\u00e9e d&#8217;employ\u00e9s exp\u00e9riment\u00e9s, jeunes et engag\u00e9s. \u00a0<\/span><\/h3>\n<h3 style=\"text-align: right;\"><span>Rejoignez-nous et nous ferons avancer l&rsquo;Europe ensemble<\/span><span style=\"font-size: 22px;\">.<\/span><\/h3>\n<p style=\"text-align: right;\"><span style=\"font-size: 14px;\">\u00a0<\/span><\/p>\n<h3 style=\"text-align: right;\"><span style=\"color: #2b3787;\">Actuellement il n\u2019y a pas de poste vacant.<\/span><\/h3>\n<p style=\"text-align: right;\">[\/et_pb_text][\/et_pb_column][et_pb_column type=\u00a0\u00bb1_2&Prime; _builder_version=\u00a0\u00bb4.0.7&Prime;][et_pb_image src=\u00a0\u00bbhttps:\/\/schenkspedition.de\/wp-content\/uploads\/photo-of-people-near-wooden-table-3184418-scaled.jpg\u00a0\u00bb _builder_version=\u00a0\u00bb4.0.7&Prime; custom_margin=\u00a0\u00bb5px|||||\u00a0\u00bb][\/et_pb_image][\/et_pb_column][\/et_pb_row][et_pb_row use_custom_gutter=\u00a0\u00bbon\u00a0\u00bb gutter_width=\u00a0\u00bb1&Prime; make_equal=\u00a0\u00bbon\u00a0\u00bb disabled_on=\u00a0\u00bbon|on|off\u00a0\u00bb _builder_version=\u00a0\u00bb4.4.1&Prime; max_width=\u00a0\u00bbnone\u00a0\u00bb custom_margin=\u00a0\u00bb120px|auto||auto||\u00a0\u00bb][et_pb_column type=\u00a0\u00bb4_4&Prime; _builder_version=\u00a0\u00bb4.0.7&Prime;][et_pb_gallery gallery_ids=\u00a0\u00bb2610,3248,771,3247&Prime; show_title_and_caption=\u00a0\u00bboff\u00a0\u00bb zoom_icon_color=\u00a0\u00bb#2b3787&Prime; hover_overlay_color=\u00a0\u00bbrgba(167,167,167,0.7)\u00a0\u00bb hover_icon=\u00a0\u00bb%%51%%\u00a0\u00bb _builder_version=\u00a0\u00bb4.0.7&Prime; z_index=\u00a0\u00bb0&Prime;][\/et_pb_gallery][\/et_pb_column][\/et_pb_row][\/et_pb_section][et_pb_section fb_built=\u00a0\u00bb1&Prime; _builder_version=\u00a0\u00bb4.4.1&Prime; background_color=\u00a0\u00bb#2b3787&Prime; custom_margin=\u00a0\u00bb-1px||||false|false\u00a0\u00bb custom_padding=\u00a0\u00bb||||false|false\u00a0\u00bb global_module=\u00a0\u00bb4660&Prime; locked=\u00a0\u00bboff\u00a0\u00bb custom_padding__hover_enabled=\u00a0\u00bboff|desktop\u00a0\u00bb][et_pb_row column_structure=\u00a0\u00bb1_3,1_3,1_3&Prime; disabled_on=\u00a0\u00bbon|on|off\u00a0\u00bb _builder_version=\u00a0\u00bb4.4.1&Prime;][et_pb_column type=\u00a0\u00bb1_3&Prime; _builder_version=\u00a0\u00bb4.0.7&Prime; border_width_right=\u00a0\u00bb3px\u00a0\u00bb border_color_right=\u00a0\u00bb#f8ad16&Prime;][et_pb_text _builder_version=\u00a0\u00bb4.0.7&Prime; text_font=\u00a0\u00bb||||||||\u00a0\u00bb text_text_color=\u00a0\u00bb#ffffff\u00a0\u00bb text_font_size=\u00a0\u00bb14px\u00a0\u00bb]<p><strong>Schenk Spedition &amp; Transporte GmbH<\/strong><br \/> Mannheimer Str. 18<br \/> D-75179 Pforzheim<\/p>\n<p>Phone: +49 (0) 7231 4194580<br \/> Fax: +49 (0) 7231 419458 \u2013 99<\/p>\n<p>&nbsp;<\/p>\n<p>&nbsp;<\/p>[\/et_pb_text][\/et_pb_column][et_pb_column type=\u00a0\u00bb1_3&Prime; _builder_version=\u00a0\u00bb4.0.7&Prime; border_width_right=\u00a0\u00bb3px\u00a0\u00bb border_color_right=\u00a0\u00bb#f8ad16&Prime;][et_pb_text _builder_version=\u00a0\u00bb4.4.1&Prime; text_font=\u00a0\u00bb||||||||\u00a0\u00bb text_text_color=\u00a0\u00bb#ffffff\u00a0\u00bb text_font_size=\u00a0\u00bb14px\u00a0\u00bb custom_margin=\u00a0\u00bb15px||40px||false|false\u00a0\u00bb]<p><strong>Directeur g\u00e9n\u00e9ral:<\/strong><br \/> Eugen Schenk<\/p>\n<p><strong>Num\u00e9ro d&rsquo;identification TVA:<\/strong><br \/> DE 278947323<\/p>\n<p><strong>Inscription au registre du commerce:<\/strong><br \/> Mannheim, HRB 712725<\/p>[\/et_pb_text][\/et_pb_column][et_pb_column type=\u00a0\u00bb1_3&Prime; _builder_version=\u00a0\u00bb4.0.7&Prime;][et_pb_menu menu_id=\u00a0\u00bb14&Prime; _builder_version=\u00a0\u00bb4.4.1&Prime;][\/et_pb_menu][\/et_pb_column][\/et_pb_row][et_pb_row column_structure=\u00a0\u00bb1_3,1_3,1_3&Prime; disabled_on=\u00a0\u00bboff|off|on\u00a0\u00bb _builder_version=\u00a0\u00bb4.4.1&Prime;][et_pb_column type=\u00a0\u00bb1_3&Prime; _builder_version=\u00a0\u00bb4.0.7&Prime; border_color_right=\u00a0\u00bb#f8ad16&Prime;][et_pb_text _builder_version=\u00a0\u00bb4.0.7&Prime; text_font=\u00a0\u00bb||||||||\u00a0\u00bb text_text_color=\u00a0\u00bb#ffffff\u00a0\u00bb text_font_size=\u00a0\u00bb14px\u00a0\u00bb]<p><strong>Schenk Spedition &amp; Transporte GmbH<\/strong><br \/> Mannheimer Str. 18<br \/> D-75179 Pforzheim<\/p>\n<p>Phone: +49 (0) 7231 4194580<br \/> Fax: +49 (0) 7231 419458 \u2013 99<\/p>\n<p>&nbsp;<\/p>\n<p>&nbsp;<\/p>[\/et_pb_text][\/et_pb_column][et_pb_column type=\u00a0\u00bb1_3&Prime; _builder_version=\u00a0\u00bb4.0.7&Prime; border_color_right=\u00a0\u00bb#f8ad16&Prime;][et_pb_text _builder_version=\u00a0\u00bb4.4.1&Prime; text_font=\u00a0\u00bb||||||||\u00a0\u00bb text_text_color=\u00a0\u00bb#ffffff\u00a0\u00bb text_font_size=\u00a0\u00bb14px\u00a0\u00bb custom_margin=\u00a0\u00bb15px||40px||false|false\u00a0\u00bb]<p><strong>Directeur g\u00e9n\u00e9ral:<\/strong><br \/> Eugen Schenk<\/p>\n<p><strong>Num\u00e9ro d&rsquo;identification TVA:<\/strong><br \/> DE 278947323<\/p>\n<p><strong>Inscription au registre du commerce:<\/strong><br \/> Mannheim, HRB 712725<\/p>[\/et_pb_text][\/et_pb_column][et_pb_column type=\u00a0\u00bb1_3&Prime; _builder_version=\u00a0\u00bb4.0.7&Prime;][et_pb_text _builder_version=\u00a0\u00bb4.4.1&Prime; text_font=\u00a0\u00bb||||||||\u00a0\u00bb text_text_color=\u00a0\u00bb#ffffff\u00a0\u00bb text_font_size=\u00a0\u00bb14px\u00a0\u00bb locked=\u00a0\u00bboff\u00a0\u00bb]<a href=\"https:\/\/schenkspedition.de\/fr\/\" target=\"_blank\" rel=\"noopener noreferrer\">MAISON<\/a><br \/>\n<a href=\"https:\/\/schenkspedition.de\/fr\/a-propos-de-nous\/\">\u00c0 PROPOS DE NOUS<\/a><br \/>\n<a href=\"https:\/\/schenkspedition.de\/fr\/logistique-transport\/\">LOGISTIQUE &amp; TRANSPORT<\/a><br \/>\n<a href=\"https:\/\/schenkspedition.de\/fr\/services\/\">SERVICES<\/a><br \/>\n<a href=\"https:\/\/schenkspedition.de\/fr\/vehicules\/\">V\u00c9HICULES<\/a><br \/>\n<a href=\"https:\/\/schenkspedition.de\/fr\/contact\/\">CONTACT<\/a><br \/>\n<a href=\"https:\/\/schenkspedition.de\/fr\/telechargements\/\">T\u00c9L\u00c9CHARGEMENTS<\/a><br \/>\n<a href=\"https:\/\/schenkspedition.de\/fr\/carriere\/\">CARRI\u00c8RE<\/a>[\/et_pb_text][\/et_pb_column][\/et_pb_row][\/et_pb_section]\n","protected":false},"excerpt":{"rendered":"<p>carri\u00e8reBUREAU, LOGISTIQUE, ATELIER ? COMMENCEZ VOTRE TRAVAIL DE R\u00caVE AVEC NOUS !Bienvenue \u00e0 Schenk Spedition &amp; Transporte! &nbsp;Nous sommes heureux de votre pr\u00e9sence. La logistique c&rsquo;est la collaboration ! Nos employ\u00e9s sont l&rsquo;\u00e9l\u00e9ment le plus important de notre succ\u00e8s.\u00a0Notre \u00e9quipe est compos\u00e9e d&#8217;employ\u00e9s exp\u00e9riment\u00e9s, jeunes et engag\u00e9s. \u00a0 Rejoignez-nous et nous ferons avancer l&rsquo;Europe ensemble. [&hellip;]<\/p>\n","protected":false},"author":4,"featured_media":0,"parent":0,"menu_order":0,"comment_status":"closed","ping_status":"closed","template":"","meta":{"_et_pb_use_builder":"on","_et_pb_old_content":"","_et_gb_content_width":"","footnotes":""},"class_list":["post-4587","page","type-page","status-publish","hentry"],"yoast_head":"<!-- This site is optimized with the Yoast SEO plugin v21.6 - https:\/\/yoast.com\/wordpress\/plugins\/seo\/ -->\n<title>Carri\u00e8re | Schenk Spedition &amp; Transporte<\/title>\n<meta name=\"description\" content=\"Nos employ\u00e9s sont l\u2019\u00e9l\u00e9ment le plus important de notre succ\u00e8s. Rejoignez-nous et nous ferons avancer l\u2019Europe ensemble.\" \/>\n<meta name=\"robots\" content=\"index, follow, max-snippet:-1, max-image-preview:large, max-video-preview:-1\" \/>\n<link rel=\"canonical\" href=\"https:\/\/schenkspedition.de\/fr\/carriere\/\" \/>\n<meta property=\"og:locale\" content=\"fr_FR\" \/>\n<meta property=\"og:type\" content=\"article\" \/>\n<meta property=\"og:title\" content=\"Carri\u00e8re | Schenk Spedition &amp; Transporte\" \/>\n<meta property=\"og:description\" content=\"Nos employ\u00e9s sont l\u2019\u00e9l\u00e9ment le plus important de notre succ\u00e8s. Rejoignez-nous et nous ferons avancer l\u2019Europe ensemble.\" \/>\n<meta property=\"og:url\" content=\"https:\/\/schenkspedition.de\/fr\/carriere\/\" \/>\n<meta property=\"og:site_name\" content=\"Schenk Spedition &amp; Transporte\" \/>\n<meta property=\"article:modified_time\" content=\"2020-04-21T07:49:07+00:00\" \/>\n<meta name=\"twitter:card\" content=\"summary_large_image\" \/>\n<meta name=\"twitter:label1\" content=\"Dur\u00e9e de lecture estim\u00e9e\" \/>\n\t<meta name=\"twitter:data1\" content=\"5 minutes\" \/>\n<script type=\"application\/ld+json\" class=\"yoast-schema-graph\">{\"@context\":\"https:\/\/schema.org\",\"@graph\":[{\"@type\":\"WebPage\",\"@id\":\"https:\/\/schenkspedition.de\/fr\/carriere\/\",\"url\":\"https:\/\/schenkspedition.de\/fr\/carriere\/\",\"name\":\"Carri\u00e8re | Schenk Spedition &amp; Transporte\",\"isPartOf\":{\"@id\":\"https:\/\/schenkspedition.de\/#website\"},\"datePublished\":\"2020-03-30T09:38:09+00:00\",\"dateModified\":\"2020-04-21T07:49:07+00:00\",\"description\":\"Nos employ\u00e9s sont l\u2019\u00e9l\u00e9ment le plus important de notre succ\u00e8s. Rejoignez-nous et nous ferons avancer l\u2019Europe ensemble.\",\"breadcrumb\":{\"@id\":\"https:\/\/schenkspedition.de\/fr\/carriere\/#breadcrumb\"},\"inLanguage\":\"fr-FR\",\"potentialAction\":[{\"@type\":\"ReadAction\",\"target\":[\"https:\/\/schenkspedition.de\/fr\/carriere\/\"]}]},{\"@type\":\"BreadcrumbList\",\"@id\":\"https:\/\/schenkspedition.de\/fr\/carriere\/#breadcrumb\",\"itemListElement\":[{\"@type\":\"ListItem\",\"position\":1,\"name\":\"Startseite\",\"item\":\"https:\/\/schenkspedition.de\/fr\/\"},{\"@type\":\"ListItem\",\"position\":2,\"name\":\"Carri\u00e8re\"}]},{\"@type\":\"WebSite\",\"@id\":\"https:\/\/schenkspedition.de\/#website\",\"url\":\"https:\/\/schenkspedition.de\/\",\"name\":\"Schenk Spedition &amp; Transporte\",\"description\":\"\",\"potentialAction\":[{\"@type\":\"SearchAction\",\"target\":{\"@type\":\"EntryPoint\",\"urlTemplate\":\"https:\/\/schenkspedition.de\/?s={search_term_string}\"},\"query-input\":\"required name=search_term_string\"}],\"inLanguage\":\"fr-FR\"}]}<\/script>\n<!-- \/ Yoast SEO plugin. -->","yoast_head_json":{"title":"Carri\u00e8re | Schenk Spedition &amp; Transporte","description":"Nos employ\u00e9s sont l\u2019\u00e9l\u00e9ment le plus important de notre succ\u00e8s. Rejoignez-nous et nous ferons avancer l\u2019Europe ensemble.","robots":{"index":"index","follow":"follow","max-snippet":"max-snippet:-1","max-image-preview":"max-image-preview:large","max-video-preview":"max-video-preview:-1"},"canonical":"https:\/\/schenkspedition.de\/fr\/carriere\/","og_locale":"fr_FR","og_type":"article","og_title":"Carri\u00e8re | Schenk Spedition &amp; Transporte","og_description":"Nos employ\u00e9s sont l\u2019\u00e9l\u00e9ment le plus important de notre succ\u00e8s. Rejoignez-nous et nous ferons avancer l\u2019Europe ensemble.","og_url":"https:\/\/schenkspedition.de\/fr\/carriere\/","og_site_name":"Schenk Spedition &amp; Transporte","article_modified_time":"2020-04-21T07:49:07+00:00","twitter_card":"summary_large_image","twitter_misc":{"Dur\u00e9e de lecture estim\u00e9e":"5 minutes"},"schema":{"@context":"https:\/\/schema.org","@graph":[{"@type":"WebPage","@id":"https:\/\/schenkspedition.de\/fr\/carriere\/","url":"https:\/\/schenkspedition.de\/fr\/carriere\/","name":"Carri\u00e8re | Schenk Spedition &amp; Transporte","isPartOf":{"@id":"https:\/\/schenkspedition.de\/#website"},"datePublished":"2020-03-30T09:38:09+00:00","dateModified":"2020-04-21T07:49:07+00:00","description":"Nos employ\u00e9s sont l\u2019\u00e9l\u00e9ment le plus important de notre succ\u00e8s. Rejoignez-nous et nous ferons avancer l\u2019Europe ensemble.","breadcrumb":{"@id":"https:\/\/schenkspedition.de\/fr\/carriere\/#breadcrumb"},"inLanguage":"fr-FR","potentialAction":[{"@type":"ReadAction","target":["https:\/\/schenkspedition.de\/fr\/carriere\/"]}]},{"@type":"BreadcrumbList","@id":"https:\/\/schenkspedition.de\/fr\/carriere\/#breadcrumb","itemListElement":[{"@type":"ListItem","position":1,"name":"Startseite","item":"https:\/\/schenkspedition.de\/fr\/"},{"@type":"ListItem","position":2,"name":"Carri\u00e8re"}]},{"@type":"WebSite","@id":"https:\/\/schenkspedition.de\/#website","url":"https:\/\/schenkspedition.de\/","name":"Schenk Spedition &amp; Transporte","description":"","potentialAction":[{"@type":"SearchAction","target":{"@type":"EntryPoint","urlTemplate":"https:\/\/schenkspedition.de\/?s={search_term_string}"},"query-input":"required name=search_term_string"}],"inLanguage":"fr-FR"}]}},"_links":{"self":[{"href":"https:\/\/schenkspedition.de\/fr\/wp-json\/wp\/v2\/pages\/4587","targetHints":{"allow":["GET"]}}],"collection":[{"href":"https:\/\/schenkspedition.de\/fr\/wp-json\/wp\/v2\/pages"}],"about":[{"href":"https:\/\/schenkspedition.de\/fr\/wp-json\/wp\/v2\/types\/page"}],"author":[{"embeddable":true,"href":"https:\/\/schenkspedition.de\/fr\/wp-json\/wp\/v2\/users\/4"}],"replies":[{"embeddable":true,"href":"https:\/\/schenkspedition.de\/fr\/wp-json\/wp\/v2\/comments?post=4587"}],"version-history":[{"count":12,"href":"https:\/\/schenkspedition.de\/fr\/wp-json\/wp\/v2\/pages\/4587\/revisions"}],"predecessor-version":[{"id":5064,"href":"https:\/\/schenkspedition.de\/fr\/wp-json\/wp\/v2\/pages\/4587\/revisions\/5064"}],"wp:attachment":[{"href":"https:\/\/schenkspedition.de\/fr\/wp-json\/wp\/v2\/media?parent=4587"}],"curies":[{"name":"wp","href":"https:\/\/api.w.org\/{rel}","templated":true}]}}