{"id":4606,"date":"2020-03-30T11:57:45","date_gmt":"2020-03-30T09:57:45","guid":{"rendered":"https:\/\/schenkspedition.de\/?page_id=4606"},"modified":"2020-04-21T09:47:21","modified_gmt":"2020-04-21T07:47:21","slug":"telechargements","status":"publish","type":"page","link":"https:\/\/schenkspedition.de\/fr\/telechargements\/","title":{"rendered":"T\u00e9l\u00e9chargements"},"content":{"rendered":"\n[et_pb_section fb_built=\u00a0\u00bb1&Prime; _builder_version=\u00a0\u00bb4.0.7&Prime; background_color=\u00a0\u00bb#ffffff\u00a0\u00bb use_background_color_gradient=\u00a0\u00bbon\u00a0\u00bb background_color_gradient_start=\u00a0\u00bbrgba(0,0,0,0)\u00a0\u00bb background_color_gradient_end=\u00a0\u00bbrgba(0,0,0,0)\u00a0\u00bb background_color_gradient_start_position=\u00a0\u00bb22%\u00a0\u00bb background_color_gradient_end_position=\u00a0\u00bb0%\u00a0\u00bb custom_padding=\u00a0\u00bb||170px|||\u00a0\u00bb top_divider_style=\u00a0\u00bbramp2&Prime; top_divider_color=\u00a0\u00bb#f8ad16&Prime; top_divider_height=\u00a0\u00bb150px\u00a0\u00bb top_divider_flip=\u00a0\u00bbvertical\u00a0\u00bb bottom_divider_style=\u00a0\u00bbramp2&Prime; bottom_divider_color=\u00a0\u00bb#f8ad16&Prime; bottom_divider_height=\u00a0\u00bb150px\u00a0\u00bb bottom_divider_flip=\u00a0\u00bbhorizontal\u00a0\u00bb][et_pb_row _builder_version=\u00a0\u00bb4.0.7&Prime;][et_pb_column type=\u00a0\u00bb4_4&Prime; _builder_version=\u00a0\u00bb4.0.7&Prime;][et_pb_text content_tablet=\u00a0\u00bb<h1 style=%22text-align: center;%22>t\u00e9l\u00e9chargements<\/h1>\n\u00a0\u00bb content_phone=\u00a0\u00bb<h1 style=%22text-align: center;%22>t\u00e9l\u00e9charge-ments<\/h1>\n\u00a0\u00bb content_last_edited=\u00a0\u00bbon|phone\u00a0\u00bb _builder_version=\u00a0\u00bb4.4.1&Prime; header_font=\u00a0\u00bbMontserrat|700||on|||||\u00a0\u00bb header_text_color=\u00a0\u00bb#2b3787&Prime; header_font_size=\u00a0\u00bb50px\u00a0\u00bb header_line_height=\u00a0\u00bb1.3em\u00a0\u00bb custom_margin=\u00a0\u00bb70px||40px||false|false\u00a0\u00bb hover_enabled=\u00a0\u00bb0&Prime;]<h1 style=\"text-align: center;\">t\u00e9l\u00e9chargements<\/h1>[\/et_pb_text][\/et_pb_column][\/et_pb_row][et_pb_row column_structure=\u00a0\u00bb1_3,1_3,1_3&Prime; _builder_version=\u00a0\u00bb4.0.7&Prime; custom_margin=\u00a0\u00bb0px|auto||auto||\u00a0\u00bb custom_padding=\u00a0\u00bb0px|||||\u00a0\u00bb][et_pb_column type=\u00a0\u00bb1_3&Prime; _builder_version=\u00a0\u00bb4.0.7&Prime;][et_pb_image src=\u00a0\u00bbhttps:\/\/schenkspedition.de\/wp-content\/uploads\/Kravag.png\u00a0\u00bb align=\u00a0\u00bbcenter\u00a0\u00bb _builder_version=\u00a0\u00bb4.4.1&Prime; custom_margin=\u00a0\u00bb1px|||||\u00a0\u00bb][\/et_pb_image][et_pb_cta button_url=\u00a0\u00bbhttps:\/\/schenkspedition.de\/wp-content\/uploads\/Downloads-3-KRAVAG-Logistic-Police.pdf\u00a0\u00bb url_new_window=\u00a0\u00bbon\u00a0\u00bb button_text=\u00a0\u00bbT\u00e9l\u00e9chargez le PDF ici\u00a0\u00bb _builder_version=\u00a0\u00bb4.4.1&Prime; custom_padding=\u00a0\u00bb20px|0px|20px|0px|true|true\u00a0\u00bb][\/et_pb_cta][\/et_pb_column][et_pb_column type=\u00a0\u00bb1_3&Prime; _builder_version=\u00a0\u00bb4.0.7&Prime;][et_pb_image src=\u00a0\u00bbhttps:\/\/schenkspedition.de\/wp-content\/uploads\/EU.png\u00a0\u00bb align=\u00a0\u00bbcenter\u00a0\u00bb _builder_version=\u00a0\u00bb4.4.1&Prime; custom_margin=\u00a0\u00bb1px||||false|false\u00a0\u00bb][\/et_pb_image][et_pb_cta button_url=\u00a0\u00bbhttps:\/\/schenkspedition.de\/wp-content\/uploads\/Downloads-1-EU-Lizenz.pdf\u00a0\u00bb url_new_window=\u00a0\u00bbon\u00a0\u00bb button_text=\u00a0\u00bbT\u00e9l\u00e9chargez le PDF ici\u00a0\u00bb _builder_version=\u00a0\u00bb4.4.1&Prime; custom_padding=\u00a0\u00bb20px|0px|20px|0px|true|true\u00a0\u00bb][\/et_pb_cta][\/et_pb_column][et_pb_column type=\u00a0\u00bb1_3&Prime; _builder_version=\u00a0\u00bb4.0.7&Prime;][et_pb_image src=\u00a0\u00bbhttps:\/\/schenkspedition.de\/wp-content\/uploads\/ADSp.png\u00a0\u00bb align=\u00a0\u00bbcenter\u00a0\u00bb align_tablet=\u00a0\u00bb\u00a0\u00bb align_phone=\u00a0\u00bb\u00a0\u00bb align_last_edited=\u00a0\u00bbon|tablet\u00a0\u00bb _builder_version=\u00a0\u00bb4.4.1&Prime; custom_margin=\u00a0\u00bb1px||||false|false\u00a0\u00bb][\/et_pb_image][et_pb_cta button_url=\u00a0\u00bbhttps:\/\/schenkspedition.de\/wp-content\/uploads\/Downloads-2-ADSp.pdf\u00a0\u00bb url_new_window=\u00a0\u00bbon\u00a0\u00bb button_text=\u00a0\u00bbT\u00e9l\u00e9chargez le PDF ici\u00a0\u00bb _builder_version=\u00a0\u00bb4.4.1&Prime; custom_padding=\u00a0\u00bb20px|0px|20px|0px|true|true\u00a0\u00bb][\/et_pb_cta][\/et_pb_column][\/et_pb_row][\/et_pb_section][et_pb_section fb_built=\u00a0\u00bb1&Prime; _builder_version=\u00a0\u00bb4.4.1&Prime; background_color=\u00a0\u00bb#2b3787&Prime; custom_margin=\u00a0\u00bb-1px||||false|false\u00a0\u00bb custom_padding=\u00a0\u00bb||||false|false\u00a0\u00bb global_module=\u00a0\u00bb4660&Prime; locked=\u00a0\u00bboff\u00a0\u00bb custom_padding__hover_enabled=\u00a0\u00bboff|desktop\u00a0\u00bb text_font=\u00a0\u00bb||||||||\u00a0\u00bb text_text_color=\u00a0\u00bb#ffffff\u00a0\u00bb text_font_size=\u00a0\u00bb14px\u00a0\u00bb][et_pb_row column_structure=\u00a0\u00bb1_3,1_3,1_3&Prime; disabled_on=\u00a0\u00bbon|on|off\u00a0\u00bb _builder_version=\u00a0\u00bb4.4.1&Prime;][et_pb_column type=\u00a0\u00bb1_3&Prime; _builder_version=\u00a0\u00bb4.0.7&Prime; border_width_right=\u00a0\u00bb3px\u00a0\u00bb border_color_right=\u00a0\u00bb#f8ad16&Prime;][et_pb_text _builder_version=\u00a0\u00bb4.0.7&Prime; text_font=\u00a0\u00bb||||||||\u00a0\u00bb text_text_color=\u00a0\u00bb#ffffff\u00a0\u00bb text_font_size=\u00a0\u00bb14px\u00a0\u00bb]<p><strong>Schenk Spedition &amp; Transporte GmbH<\/strong><br \/> Mannheimer Str. 18<br \/> D-75179 Pforzheim<\/p>\n<p>Phone: +49 (0) 7231 4194580<br \/> Fax: +49 (0) 7231 419458 \u2013 99<\/p>\n<p>&nbsp;<\/p>\n<p>&nbsp;<\/p>[\/et_pb_text][\/et_pb_column][et_pb_column type=\u00a0\u00bb1_3&Prime; _builder_version=\u00a0\u00bb4.0.7&Prime; border_width_right=\u00a0\u00bb3px\u00a0\u00bb border_color_right=\u00a0\u00bb#f8ad16&Prime;][et_pb_text _builder_version=\u00a0\u00bb4.4.1&Prime; text_font=\u00a0\u00bb||||||||\u00a0\u00bb text_text_color=\u00a0\u00bb#ffffff\u00a0\u00bb text_font_size=\u00a0\u00bb14px\u00a0\u00bb custom_margin=\u00a0\u00bb15px||40px||false|false\u00a0\u00bb]<p><strong>Directeur g\u00e9n\u00e9ral:<\/strong><br \/> Eugen Schenk<\/p>\n<p><strong>Num\u00e9ro d&rsquo;identification TVA:<\/strong><br \/> DE 278947323<\/p>\n<p><strong>Inscription au registre du commerce:<\/strong><br \/> Mannheim, HRB 712725<\/p>[\/et_pb_text][\/et_pb_column][et_pb_column type=\u00a0\u00bb1_3&Prime; _builder_version=\u00a0\u00bb4.0.7&Prime;][et_pb_menu menu_id=\u00a0\u00bb14&Prime; _builder_version=\u00a0\u00bb4.4.1&Prime;][\/et_pb_menu][\/et_pb_column][\/et_pb_row][et_pb_row column_structure=\u00a0\u00bb1_3,1_3,1_3&Prime; disabled_on=\u00a0\u00bboff|off|on\u00a0\u00bb _builder_version=\u00a0\u00bb4.4.1&Prime;][et_pb_column type=\u00a0\u00bb1_3&Prime; _builder_version=\u00a0\u00bb4.0.7&Prime; border_color_right=\u00a0\u00bb#f8ad16&Prime;][et_pb_text _builder_version=\u00a0\u00bb4.0.7&Prime; text_font=\u00a0\u00bb||||||||\u00a0\u00bb text_text_color=\u00a0\u00bb#ffffff\u00a0\u00bb text_font_size=\u00a0\u00bb14px\u00a0\u00bb]<p><strong>Schenk Spedition &amp; Transporte GmbH<\/strong><br \/> Mannheimer Str. 18<br \/> D-75179 Pforzheim<\/p>\n<p>Phone: +49 (0) 7231 4194580<br \/> Fax: +49 (0) 7231 419458 \u2013 99<\/p>\n<p>&nbsp;<\/p>\n<p>&nbsp;<\/p>[\/et_pb_text][\/et_pb_column][et_pb_column type=\u00a0\u00bb1_3&Prime; _builder_version=\u00a0\u00bb4.0.7&Prime; border_color_right=\u00a0\u00bb#f8ad16&Prime;][et_pb_text _builder_version=\u00a0\u00bb4.4.1&Prime; text_font=\u00a0\u00bb||||||||\u00a0\u00bb text_text_color=\u00a0\u00bb#ffffff\u00a0\u00bb text_font_size=\u00a0\u00bb14px\u00a0\u00bb custom_margin=\u00a0\u00bb15px||40px||false|false\u00a0\u00bb]<p><strong>Directeur g\u00e9n\u00e9ral:<\/strong><br \/> Eugen Schenk<\/p>\n<p><strong>Num\u00e9ro d&rsquo;identification TVA:<\/strong><br \/> DE 278947323<\/p>\n<p><strong>Inscription au registre du commerce:<\/strong><br \/> Mannheim, HRB 712725<\/p>[\/et_pb_text][\/et_pb_column][et_pb_column type=\u00a0\u00bb1_3&Prime; _builder_version=\u00a0\u00bb4.0.7&Prime;][et_pb_text _builder_version=\u00a0\u00bb4.4.1&Prime; text_font=\u00a0\u00bb||||||||\u00a0\u00bb text_text_color=\u00a0\u00bb#ffffff\u00a0\u00bb text_font_size=\u00a0\u00bb14px\u00a0\u00bb locked=\u00a0\u00bboff\u00a0\u00bb]<a href=\"https:\/\/schenkspedition.de\/fr\/\" target=\"_blank\" rel=\"noopener noreferrer\">MAISON<\/a><br \/>\n<a href=\"https:\/\/schenkspedition.de\/fr\/a-propos-de-nous\/\">\u00c0 PROPOS DE NOUS<\/a><br \/>\n<a href=\"https:\/\/schenkspedition.de\/fr\/logistique-transport\/\">LOGISTIQUE &amp; TRANSPORT<\/a><br \/>\n<a href=\"https:\/\/schenkspedition.de\/fr\/services\/\">SERVICES<\/a><br \/>\n<a href=\"https:\/\/schenkspedition.de\/fr\/vehicules\/\">V\u00c9HICULES<\/a><br \/>\n<a href=\"https:\/\/schenkspedition.de\/fr\/contact\/\">CONTACT<\/a><br \/>\n<a href=\"https:\/\/schenkspedition.de\/fr\/telechargements\/\">T\u00c9L\u00c9CHARGEMENTS<\/a><br \/>\n<a href=\"https:\/\/schenkspedition.de\/fr\/carriere\/\">CARRI\u00c8RE<\/a>[\/et_pb_text][\/et_pb_column][\/et_pb_row][\/et_pb_section]\n","protected":false},"excerpt":{"rendered":"<p>t\u00e9l\u00e9chargementsSchenk Spedition &amp; Transporte GmbH Mannheimer Str. 18 D-75179 Pforzheim Phone: +49 (0) 7231 4194580 Fax: +49 (0) 7231 419458 \u2013 99 &nbsp; &nbsp;Directeur g\u00e9n\u00e9ral: Eugen Schenk Num\u00e9ro d&rsquo;identification TVA: DE 278947323 Inscription au registre du commerce: Mannheim, HRB 712725Schenk Spedition &amp; Transporte GmbH Mannheimer Str. 18 D-75179 Pforzheim Phone: +49 (0) 7231 4194580 Fax: [&hellip;]<\/p>\n","protected":false},"author":4,"featured_media":0,"parent":0,"menu_order":0,"comment_status":"closed","ping_status":"closed","template":"","meta":{"_et_pb_use_builder":"on","_et_pb_old_content":"","_et_gb_content_width":"","footnotes":""},"class_list":["post-4606","page","type-page","status-publish","hentry"],"yoast_head":"<!-- This site is optimized with the Yoast SEO plugin v21.6 - https:\/\/yoast.com\/wordpress\/plugins\/seo\/ -->\n<title>Documents &amp; t\u00e9l\u00e9chargements | Schenk Spedition &amp; Transporte<\/title>\n<meta name=\"description\" content=\"Vous trouverez ici diverses informations, documents et formulaires pour le transport routier \u00e0 t\u00e9l\u00e9charger.\" \/>\n<meta name=\"robots\" content=\"index, follow, max-snippet:-1, max-image-preview:large, max-video-preview:-1\" \/>\n<link rel=\"canonical\" href=\"https:\/\/schenkspedition.de\/fr\/telechargements\/\" \/>\n<meta property=\"og:locale\" content=\"fr_FR\" \/>\n<meta property=\"og:type\" content=\"article\" \/>\n<meta property=\"og:title\" content=\"Documents &amp; t\u00e9l\u00e9chargements | Schenk Spedition &amp; Transporte\" \/>\n<meta property=\"og:description\" content=\"Vous trouverez ici diverses informations, documents et formulaires pour le transport routier \u00e0 t\u00e9l\u00e9charger.\" \/>\n<meta property=\"og:url\" content=\"https:\/\/schenkspedition.de\/fr\/telechargements\/\" \/>\n<meta property=\"og:site_name\" content=\"Schenk Spedition &amp; Transporte\" \/>\n<meta property=\"article:modified_time\" content=\"2020-04-21T07:47:21+00:00\" \/>\n<meta name=\"twitter:card\" content=\"summary_large_image\" \/>\n<meta name=\"twitter:label1\" content=\"Dur\u00e9e de lecture estim\u00e9e\" \/>\n\t<meta name=\"twitter:data1\" content=\"4 minutes\" \/>\n<script type=\"application\/ld+json\" class=\"yoast-schema-graph\">{\"@context\":\"https:\/\/schema.org\",\"@graph\":[{\"@type\":\"WebPage\",\"@id\":\"https:\/\/schenkspedition.de\/fr\/telechargements\/\",\"url\":\"https:\/\/schenkspedition.de\/fr\/telechargements\/\",\"name\":\"Documents & t\u00e9l\u00e9chargements | Schenk Spedition &amp; Transporte\",\"isPartOf\":{\"@id\":\"https:\/\/schenkspedition.de\/#website\"},\"datePublished\":\"2020-03-30T09:57:45+00:00\",\"dateModified\":\"2020-04-21T07:47:21+00:00\",\"description\":\"Vous trouverez ici diverses informations, documents et formulaires pour le transport routier \u00e0 t\u00e9l\u00e9charger.\",\"breadcrumb\":{\"@id\":\"https:\/\/schenkspedition.de\/fr\/telechargements\/#breadcrumb\"},\"inLanguage\":\"fr-FR\",\"potentialAction\":[{\"@type\":\"ReadAction\",\"target\":[\"https:\/\/schenkspedition.de\/fr\/telechargements\/\"]}]},{\"@type\":\"BreadcrumbList\",\"@id\":\"https:\/\/schenkspedition.de\/fr\/telechargements\/#breadcrumb\",\"itemListElement\":[{\"@type\":\"ListItem\",\"position\":1,\"name\":\"Startseite\",\"item\":\"https:\/\/schenkspedition.de\/fr\/\"},{\"@type\":\"ListItem\",\"position\":2,\"name\":\"T\u00e9l\u00e9chargements\"}]},{\"@type\":\"WebSite\",\"@id\":\"https:\/\/schenkspedition.de\/#website\",\"url\":\"https:\/\/schenkspedition.de\/\",\"name\":\"Schenk Spedition &amp; Transporte\",\"description\":\"\",\"potentialAction\":[{\"@type\":\"SearchAction\",\"target\":{\"@type\":\"EntryPoint\",\"urlTemplate\":\"https:\/\/schenkspedition.de\/?s={search_term_string}\"},\"query-input\":\"required name=search_term_string\"}],\"inLanguage\":\"fr-FR\"}]}<\/script>\n<!-- \/ Yoast SEO plugin. -->","yoast_head_json":{"title":"Documents & t\u00e9l\u00e9chargements | Schenk Spedition &amp; Transporte","description":"Vous trouverez ici diverses informations, documents et formulaires pour le transport routier \u00e0 t\u00e9l\u00e9charger.","robots":{"index":"index","follow":"follow","max-snippet":"max-snippet:-1","max-image-preview":"max-image-preview:large","max-video-preview":"max-video-preview:-1"},"canonical":"https:\/\/schenkspedition.de\/fr\/telechargements\/","og_locale":"fr_FR","og_type":"article","og_title":"Documents & t\u00e9l\u00e9chargements | Schenk Spedition &amp; Transporte","og_description":"Vous trouverez ici diverses informations, documents et formulaires pour le transport routier \u00e0 t\u00e9l\u00e9charger.","og_url":"https:\/\/schenkspedition.de\/fr\/telechargements\/","og_site_name":"Schenk Spedition &amp; Transporte","article_modified_time":"2020-04-21T07:47:21+00:00","twitter_card":"summary_large_image","twitter_misc":{"Dur\u00e9e de lecture estim\u00e9e":"4 minutes"},"schema":{"@context":"https:\/\/schema.org","@graph":[{"@type":"WebPage","@id":"https:\/\/schenkspedition.de\/fr\/telechargements\/","url":"https:\/\/schenkspedition.de\/fr\/telechargements\/","name":"Documents & t\u00e9l\u00e9chargements | Schenk Spedition &amp; Transporte","isPartOf":{"@id":"https:\/\/schenkspedition.de\/#website"},"datePublished":"2020-03-30T09:57:45+00:00","dateModified":"2020-04-21T07:47:21+00:00","description":"Vous trouverez ici diverses informations, documents et formulaires pour le transport routier \u00e0 t\u00e9l\u00e9charger.","breadcrumb":{"@id":"https:\/\/schenkspedition.de\/fr\/telechargements\/#breadcrumb"},"inLanguage":"fr-FR","potentialAction":[{"@type":"ReadAction","target":["https:\/\/schenkspedition.de\/fr\/telechargements\/"]}]},{"@type":"BreadcrumbList","@id":"https:\/\/schenkspedition.de\/fr\/telechargements\/#breadcrumb","itemListElement":[{"@type":"ListItem","position":1,"name":"Startseite","item":"https:\/\/schenkspedition.de\/fr\/"},{"@type":"ListItem","position":2,"name":"T\u00e9l\u00e9chargements"}]},{"@type":"WebSite","@id":"https:\/\/schenkspedition.de\/#website","url":"https:\/\/schenkspedition.de\/","name":"Schenk Spedition &amp; Transporte","description":"","potentialAction":[{"@type":"SearchAction","target":{"@type":"EntryPoint","urlTemplate":"https:\/\/schenkspedition.de\/?s={search_term_string}"},"query-input":"required name=search_term_string"}],"inLanguage":"fr-FR"}]}},"_links":{"self":[{"href":"https:\/\/schenkspedition.de\/fr\/wp-json\/wp\/v2\/pages\/4606","targetHints":{"allow":["GET"]}}],"collection":[{"href":"https:\/\/schenkspedition.de\/fr\/wp-json\/wp\/v2\/pages"}],"about":[{"href":"https:\/\/schenkspedition.de\/fr\/wp-json\/wp\/v2\/types\/page"}],"author":[{"embeddable":true,"href":"https:\/\/schenkspedition.de\/fr\/wp-json\/wp\/v2\/users\/4"}],"replies":[{"embeddable":true,"href":"https:\/\/schenkspedition.de\/fr\/wp-json\/wp\/v2\/comments?post=4606"}],"version-history":[{"count":8,"href":"https:\/\/schenkspedition.de\/fr\/wp-json\/wp\/v2\/pages\/4606\/revisions"}],"predecessor-version":[{"id":5063,"href":"https:\/\/schenkspedition.de\/fr\/wp-json\/wp\/v2\/pages\/4606\/revisions\/5063"}],"wp:attachment":[{"href":"https:\/\/schenkspedition.de\/fr\/wp-json\/wp\/v2\/media?parent=4606"}],"curies":[{"name":"wp","href":"https:\/\/api.w.org\/{rel}","templated":true}]}}